{"id":13,"date":"2021-06-14T14:44:23","date_gmt":"2021-06-14T14:44:23","guid":{"rendered":"https:\/\/pitzza.xaviete.com\/?page_id=13"},"modified":"2025-05-24T15:23:45","modified_gmt":"2025-05-24T15:23:45","slug":"la-nostra-carta","status":"publish","type":"page","link":"https:\/\/pizzoriapizza.com\/es\/la-nostra-carta","title":{"rendered":"Nuestra carta"},"content":{"rendered":"<div data-elementor-type=\"wp-page\" data-elementor-id=\"13\" class=\"elementor elementor-13\">\n\t\t\t\t\t\t\t\t\t<section class=\"elementor-section elementor-top-section elementor-element elementor-element-2627451 elementor-section-boxed elementor-section-height-default elementor-section-height-default\" data-id=\"2627451\" data-element_type=\"section\">\n\t\t\t\t\t\t<div class=\"elementor-container elementor-column-gap-default\">\n\t\t\t\t\t<div class=\"elementor-column elementor-col-100 elementor-top-column elementor-element elementor-element-2fb1388\" data-id=\"2fb1388\" data-element_type=\"column\">\n\t\t\t<div class=\"elementor-widget-wrap elementor-element-populated\">\n\t\t\t\t\t\t\t\t<div class=\"elementor-element elementor-element-16d0a4b elementor-widget elementor-widget-spacer\" data-id=\"16d0a4b\" data-element_type=\"widget\" data-widget_type=\"spacer.default\">\n\t\t\t\t<div class=\"elementor-widget-container\">\n\t\t\t\t\t<div class=\"elementor-spacer\">\n\t\t\t<div class=\"elementor-spacer-inner\"><\/div>\n\t\t<\/div>\n\t\t\t\t<\/div>\n\t\t\t\t<\/div>\n\t\t\t\t<div class=\"elementor-element elementor-element-e3eeefd elementor-widget elementor-widget-heading\" data-id=\"e3eeefd\" data-element_type=\"widget\" data-widget_type=\"heading.default\">\n\t\t\t\t<div class=\"elementor-widget-container\">\n\t\t\t<h2 class=\"elementor-heading-title elementor-size-default\">Nuestras pizzas<\/h2>\t\t<\/div>\n\t\t\t\t<\/div>\n\t\t\t\t<div class=\"elementor-element elementor-element-5b4c688 elementor-widget-divider--separator-type-pattern elementor-widget-divider--view-line elementor-widget elementor-widget-divider\" data-id=\"5b4c688\" data-element_type=\"widget\" data-widget_type=\"divider.default\">\n\t\t\t\t<div class=\"elementor-widget-container\">\n\t\t\t\t\t<div class=\"elementor-divider\" style=\"--divider-pattern-url: url(&quot;data:image\/svg+xml,%3Csvg xmlns=&#039;http:\/\/www.w3.org\/2000\/svg&#039; preserveAspectRatio=&#039;none&#039; overflow=&#039;visible&#039; height=&#039;100%&#039; viewBox=&#039;0 0 24 24&#039; fill=&#039;none&#039; stroke=&#039;black&#039; stroke-width=&#039;1.5&#039; stroke-linecap=&#039;square&#039; stroke-miterlimit=&#039;10&#039;%3E%3Cpolyline points=&#039;0,18 12,6 24,18 &#039;\/%3E%3C\/svg%3E&quot;);\">\n\t\t\t<span class=\"elementor-divider-separator\">\n\t\t\t\t\t\t<\/span>\n\t\t<\/div>\n\t\t\t\t<\/div>\n\t\t\t\t<\/div>\n\t\t\t\t<div class=\"elementor-element elementor-element-26de1b0 elementor-widget elementor-widget-wp-widget-text\" data-id=\"26de1b0\" data-element_type=\"widget\" data-widget_type=\"wp-widget-text.default\">\n\t\t\t\t<div class=\"elementor-widget-container\">\n\t\t\t\t\t\t<div class=\"textwidget\"><p><span style=\"font-weight: 400\">En nuestra carta encontrar\u00e1s diferentes combinaciones de ingredientes, des de las pizzas m\u00e1s tradicionales, las pizzas de frutos del mar, para los m\u00e1s carn\u00edvoros nuestras pizzas con carne de ternera beef importada de Estados Unidos, mexicana, barbacoa... para los m\u00e1s sofisticados ofrecemos nuestras pizzas de quesos y cremas, las pizzas vegetales y tambi\u00e9n nuestras exclusivas pizzas dulces de chocolate, encuentra la tuya!!!<\/span><\/p>\n<\/div>\n\t\t\t\t<\/div>\n\t\t\t\t<\/div>\n\t\t\t\t\t<\/div>\n\t\t<\/div>\n\t\t\t\t\t\t\t<\/div>\n\t\t<\/section>\n\t\t\t\t<section class=\"elementor-section elementor-top-section elementor-element elementor-element-3a9cde3 elementor-section-boxed elementor-section-height-default elementor-section-height-default\" data-id=\"3a9cde3\" data-element_type=\"section\">\n\t\t\t\t\t\t<div class=\"elementor-container elementor-column-gap-default\">\n\t\t\t\t\t<div class=\"elementor-column elementor-col-100 elementor-top-column elementor-element elementor-element-7cd9e22\" data-id=\"7cd9e22\" data-element_type=\"column\">\n\t\t\t<div class=\"elementor-widget-wrap elementor-element-populated\">\n\t\t\t\t\t\t\t\t<div class=\"elementor-element elementor-element-92f181a elementor-widget elementor-widget-heading\" data-id=\"92f181a\" data-element_type=\"widget\" data-widget_type=\"heading.default\">\n\t\t\t\t<div class=\"elementor-widget-container\">\n\t\t\t<h2 class=\"elementor-heading-title elementor-size-large\"><a href=\"https:\/\/drive.google.com\/drive\/folders\/1F-4GSp8y0LFMCkAmvpRBZJR9xMwCIAoU?usp=sharing\" target=\"_blank\">Descarga el men\u00fa aqu\u00ed.<\/a><\/h2>\t\t<\/div>\n\t\t\t\t<\/div>\n\t\t\t\t<div class=\"elementor-element elementor-element-a17faa1 elementor-widget elementor-widget-button\" data-id=\"a17faa1\" data-element_type=\"widget\" data-widget_type=\"button.default\">\n\t\t\t\t<div class=\"elementor-widget-container\">\n\t\t\t\t\t<div class=\"elementor-button-wrapper\">\n\t\t\t<a class=\"elementor-button elementor-button-link elementor-size-sm\" href=\"https:\/\/drive.google.com\/drive\/folders\/1Q-o1GKIWlbtoue5JKRRGIUbAzNnhvQ73\" target=\"_blank\">\n\t\t\t\t\t\t<span class=\"elementor-button-content-wrapper\">\n\t\t\t\t\t\t<span class=\"elementor-button-text\">Descargar men\u00fa<\/span>\n\t\t<\/span>\n\t\t\t\t\t<\/a>\n\t\t<\/div>\n\t\t\t\t<\/div>\n\t\t\t\t<\/div>\n\t\t\t\t\t<\/div>\n\t\t<\/div>\n\t\t\t\t\t\t\t<\/div>\n\t\t<\/section>\n\t\t\t\t<section class=\"elementor-section elementor-top-section elementor-element elementor-element-4b66982 elementor-section-boxed elementor-section-height-default elementor-section-height-default\" data-id=\"4b66982\" data-element_type=\"section\">\n\t\t\t\t\t\t<div class=\"elementor-container elementor-column-gap-default\">\n\t\t\t\t\t<div class=\"elementor-column elementor-col-100 elementor-top-column elementor-element elementor-element-d781db9\" data-id=\"d781db9\" data-element_type=\"column\">\n\t\t\t<div class=\"elementor-widget-wrap elementor-element-populated\">\n\t\t\t\t\t\t\t\t<div class=\"elementor-element elementor-element-22def17 elementor-widget elementor-widget-image\" data-id=\"22def17\" data-element_type=\"widget\" data-widget_type=\"image.default\">\n\t\t\t\t<div class=\"elementor-widget-container\">\n\t\t\t\t\t\t\t\t\t\t\t\t\t\t\t\t<a href=\"https:\/\/pizzoriapizza.com\/wp-content\/uploads\/2025\/05\/1_20250523_193914_0000-scaled.png\" data-elementor-open-lightbox=\"yes\" data-elementor-lightbox-title=\"1_20250523_193914_0000\" data-e-action-hash=\"#elementor-action%3Aaction%3Dlightbox%26settings%3DeyJpZCI6MTE1MCwidXJsIjoiaHR0cHM6XC9cL3BpenpvcmlhcGl6emEuY29tXC93cC1jb250ZW50XC91cGxvYWRzXC8yMDI1XC8wNVwvMV8yMDI1MDUyM18xOTM5MTRfMDAwMC1zY2FsZWQucG5nIn0%3D\">\n\t\t\t\t\t\t\t<img loading=\"lazy\" decoding=\"async\" width=\"2560\" height=\"1810\" src=\"https:\/\/pizzoriapizza.com\/wp-content\/uploads\/2025\/05\/1_20250523_193914_0000-scaled.png\" class=\"attachment-full size-full wp-image-1150\" alt=\"\" srcset=\"https:\/\/pizzoriapizza.com\/wp-content\/uploads\/2025\/05\/1_20250523_193914_0000-scaled.png 2560w, https:\/\/pizzoriapizza.com\/wp-content\/uploads\/2025\/05\/1_20250523_193914_0000-300x212.png 300w, https:\/\/pizzoriapizza.com\/wp-content\/uploads\/2025\/05\/1_20250523_193914_0000-1024x724.png 1024w, https:\/\/pizzoriapizza.com\/wp-content\/uploads\/2025\/05\/1_20250523_193914_0000-768x543.png 768w, https:\/\/pizzoriapizza.com\/wp-content\/uploads\/2025\/05\/1_20250523_193914_0000-1536x1086.png 1536w, https:\/\/pizzoriapizza.com\/wp-content\/uploads\/2025\/05\/1_20250523_193914_0000-2048x1448.png 2048w, https:\/\/pizzoriapizza.com\/wp-content\/uploads\/2025\/05\/1_20250523_193914_0000-18x12.png 18w\" sizes=\"auto, (max-width: 2560px) 100vw, 2560px\" \/>\t\t\t\t\t\t\t\t<\/a>\n\t\t\t\t\t\t\t\t\t\t\t\t\t\t\t<\/div>\n\t\t\t\t<\/div>\n\t\t\t\t<div class=\"elementor-element elementor-element-16cff75 elementor-widget elementor-widget-image\" data-id=\"16cff75\" data-element_type=\"widget\" data-widget_type=\"image.default\">\n\t\t\t\t<div class=\"elementor-widget-container\">\n\t\t\t\t\t\t\t\t\t\t\t\t\t\t\t\t<a href=\"https:\/\/pizzoriapizza.com\/wp-content\/uploads\/2025\/05\/2_20250523_193914_0001-scaled.png\" data-elementor-open-lightbox=\"yes\" data-elementor-lightbox-title=\"2_20250523_193914_0001\" data-e-action-hash=\"#elementor-action%3Aaction%3Dlightbox%26settings%3DeyJpZCI6MTE1MSwidXJsIjoiaHR0cHM6XC9cL3BpenpvcmlhcGl6emEuY29tXC93cC1jb250ZW50XC91cGxvYWRzXC8yMDI1XC8wNVwvMl8yMDI1MDUyM18xOTM5MTRfMDAwMS1zY2FsZWQucG5nIn0%3D\">\n\t\t\t\t\t\t\t<img loading=\"lazy\" decoding=\"async\" width=\"2560\" height=\"1810\" src=\"https:\/\/pizzoriapizza.com\/wp-content\/uploads\/2025\/05\/2_20250523_193914_0001-scaled.png\" class=\"attachment-full size-full wp-image-1151\" alt=\"\" srcset=\"https:\/\/pizzoriapizza.com\/wp-content\/uploads\/2025\/05\/2_20250523_193914_0001-scaled.png 2560w, https:\/\/pizzoriapizza.com\/wp-content\/uploads\/2025\/05\/2_20250523_193914_0001-300x212.png 300w, https:\/\/pizzoriapizza.com\/wp-content\/uploads\/2025\/05\/2_20250523_193914_0001-1024x724.png 1024w, https:\/\/pizzoriapizza.com\/wp-content\/uploads\/2025\/05\/2_20250523_193914_0001-768x543.png 768w, https:\/\/pizzoriapizza.com\/wp-content\/uploads\/2025\/05\/2_20250523_193914_0001-1536x1086.png 1536w, https:\/\/pizzoriapizza.com\/wp-content\/uploads\/2025\/05\/2_20250523_193914_0001-2048x1448.png 2048w, https:\/\/pizzoriapizza.com\/wp-content\/uploads\/2025\/05\/2_20250523_193914_0001-18x12.png 18w\" sizes=\"auto, (max-width: 2560px) 100vw, 2560px\" \/>\t\t\t\t\t\t\t\t<\/a>\n\t\t\t\t\t\t\t\t\t\t\t\t\t\t\t<\/div>\n\t\t\t\t<\/div>\n\t\t\t\t\t<\/div>\n\t\t<\/div>\n\t\t\t\t\t\t\t<\/div>\n\t\t<\/section>\n\t\t\t\t<section class=\"elementor-section elementor-top-section elementor-element elementor-element-ec92238 elementor-section-boxed elementor-section-height-default elementor-section-height-default\" data-id=\"ec92238\" data-element_type=\"section\">\n\t\t\t\t\t\t<div class=\"elementor-container elementor-column-gap-default\">\n\t\t\t\t\t<div class=\"elementor-column elementor-col-100 elementor-top-column elementor-element elementor-element-67da6e8\" data-id=\"67da6e8\" data-element_type=\"column\">\n\t\t\t<div class=\"elementor-widget-wrap elementor-element-populated\">\n\t\t\t\t\t\t\t\t<div class=\"elementor-element elementor-element-c523007 elementor-widget-divider--separator-type-pattern elementor-widget-divider--view-line elementor-widget elementor-widget-divider\" data-id=\"c523007\" data-element_type=\"widget\" data-widget_type=\"divider.default\">\n\t\t\t\t<div class=\"elementor-widget-container\">\n\t\t\t\t\t<div class=\"elementor-divider\" style=\"--divider-pattern-url: url(&quot;data:image\/svg+xml,%3Csvg xmlns=&#039;http:\/\/www.w3.org\/2000\/svg&#039; preserveAspectRatio=&#039;none&#039; overflow=&#039;visible&#039; height=&#039;100%&#039; viewBox=&#039;0 0 24 24&#039; fill=&#039;none&#039; stroke=&#039;black&#039; stroke-width=&#039;1.5&#039; stroke-linecap=&#039;square&#039; stroke-miterlimit=&#039;10&#039;%3E%3Cpolyline points=&#039;0,18 12,6 24,18 &#039;\/%3E%3C\/svg%3E&quot;);\">\n\t\t\t<span class=\"elementor-divider-separator\">\n\t\t\t\t\t\t<\/span>\n\t\t<\/div>\n\t\t\t\t<\/div>\n\t\t\t\t<\/div>\n\t\t\t\t\t<\/div>\n\t\t<\/div>\n\t\t\t\t\t\t\t<\/div>\n\t\t<\/section>\n\t\t\t\t\t\t\t<\/div>","protected":false},"excerpt":{"rendered":"<p>Les nostres pizzes Descarrega el men\u00fa aqui. Descarregar men\u00fa<\/p>","protected":false},"author":3,"featured_media":0,"parent":0,"menu_order":0,"comment_status":"closed","ping_status":"closed","template":"","meta":{"footnotes":""},"class_list":["post-13","page","type-page","status-publish","hentry","no-thumb"],"_links":{"self":[{"href":"https:\/\/pizzoriapizza.com\/es\/wp-json\/wp\/v2\/pages\/13","targetHints":{"allow":["GET"]}}],"collection":[{"href":"https:\/\/pizzoriapizza.com\/es\/wp-json\/wp\/v2\/pages"}],"about":[{"href":"https:\/\/pizzoriapizza.com\/es\/wp-json\/wp\/v2\/types\/page"}],"author":[{"embeddable":true,"href":"https:\/\/pizzoriapizza.com\/es\/wp-json\/wp\/v2\/users\/3"}],"replies":[{"embeddable":true,"href":"https:\/\/pizzoriapizza.com\/es\/wp-json\/wp\/v2\/comments?post=13"}],"version-history":[{"count":68,"href":"https:\/\/pizzoriapizza.com\/es\/wp-json\/wp\/v2\/pages\/13\/revisions"}],"predecessor-version":[{"id":1155,"href":"https:\/\/pizzoriapizza.com\/es\/wp-json\/wp\/v2\/pages\/13\/revisions\/1155"}],"wp:attachment":[{"href":"https:\/\/pizzoriapizza.com\/es\/wp-json\/wp\/v2\/media?parent=13"}],"curies":[{"name":"wp","href":"https:\/\/api.w.org\/{rel}","templated":true}]}}